{"id":559,"date":"2022-09-07T06:12:05","date_gmt":"2022-09-07T06:12:05","guid":{"rendered":"https:\/\/wp.dreamitsolution.net\/zomia-multipurpose\/startup-agency\/?page_id=559"},"modified":"2026-01-10T09:51:00","modified_gmt":"2026-01-10T09:51:00","slug":"about-us","status":"publish","type":"page","link":"https:\/\/www.codemerge.com.tr\/index.php\/about-us\/","title":{"rendered":"Hakk\u0131m\u0131zda"},"content":{"rendered":"\t\t<div data-elementor-type=\"wp-page\" data-elementor-id=\"559\" class=\"elementor elementor-559\">\n\t\t\t\t\t\t<section class=\"elementor-section elementor-top-section elementor-element elementor-element-761e842 elementor-section-boxed elementor-section-height-default elementor-section-height-default\" data-id=\"761e842\" data-element_type=\"section\" data-e-type=\"section\" data-settings=\"{&quot;background_background&quot;:&quot;classic&quot;}\">\n\t\t\t\t\t\t<div class=\"elementor-container elementor-column-gap-no\">\n\t\t\t\t\t<div class=\"elementor-column elementor-col-50 elementor-top-column elementor-element elementor-element-705fa12\" data-id=\"705fa12\" data-element_type=\"column\" data-e-type=\"column\">\n\t\t\t<div class=\"elementor-widget-wrap elementor-element-populated\">\n\t\t\t\t\t\t<div class=\"elementor-element elementor-element-55ab8a2 elementor-widget elementor-widget-sectiontitle\" data-id=\"55ab8a2\" data-element_type=\"widget\" data-e-type=\"widget\" data-widget_type=\"sectiontitle.default\">\n\t\t\t\t<div class=\"elementor-widget-container\">\n\t\t\t\t\t\r\n\t\t\t\t<div class=\"\">\r\n\r\n\t\t\t<div class=\"section-title t_left\">\r\n                 \r\n                        <h5>Biz Kimiz? <span><\/span><\/h5>\r\n                \r\n\t\t\t\t\t\t\t\t\r\n\t\t\t\t  \r\n                       <h3>20 Y\u0131ll\u0131k birikim ve <br> ilk g\u00fcnk\u00fc heyecan\u0131 birle\u015ftiren deneyimli bir ekibiz. <\/h3>\r\n                \t\t\t\t\r\n\t\t\t\t \t\t\t\t\r\n                 \r\n                        <p>Codemerge, 2024 y\u0131l\u0131nda kurularak kurumsal m\u00fc\u015fterilere \u00f6zel yaz\u0131l\u0131m \u00e7\u00f6z\u00fcmleri sunma misyonuyla hizmet vermeye ba\u015flam\u0131\u015ft\u0131r. Yaz\u0131l\u0131m sekt\u00f6r\u00fcnde 17 y\u0131ldan fazla deneyime sahip ortaklar\u0131m\u0131z, geni\u015f bir bilgi birikimi ve uzmanl\u0131kla, \u00e7e\u015fitli end\u00fcstrilere hitap eden entegre yaz\u0131l\u0131m sistemleri geli\u015ftirmektedir.\n<\/p>\r\n                \t\t\t\t\r\n\r\n\t\t\t\t\r\n\t\t\t<\/div>\t\r\n\r\n\t\t<\/div>\r\n\r\n\t\t\r\n\t\t\t\t\t\t<\/div>\n\t\t\t\t<\/div>\n\t\t\t\t<div class=\"elementor-element elementor-element-3bae638 elementor-widget elementor-widget-heading\" data-id=\"3bae638\" data-element_type=\"widget\" data-e-type=\"widget\" data-widget_type=\"heading.default\">\n\t\t\t\t\t<p class=\"elementor-heading-title elementor-size-default\">\u015eirketimiz, ERP ve CRM sistemleri alan\u0131nda sunmu\u015f oldu\u011fu \u00e7\u00f6z\u00fcmlerle, m\u00fc\u015fterilerinin operasyonel verimlili\u011fini art\u0131rmakta ve i\u015f s\u00fcre\u00e7lerini optimize etmektedir. \u0130stanbul merkez ofisimiz ile T\u00fcrkiye genelinde hizmet sunmakta ve sekt\u00f6r\u00fcn gereksinimlerine uygun \u00e7\u00f6z\u00fcmler geli\u015ftirmekteyiz.<\/p>\t\t\t\t<\/div>\n\t\t\t\t<div class=\"elementor-element elementor-element-ae8ac41 elementor-widget__width-initial elementor-widget elementor-widget-heading\" data-id=\"ae8ac41\" data-element_type=\"widget\" data-e-type=\"widget\" data-widget_type=\"heading.default\">\n\t\t\t\t\t<p class=\"elementor-heading-title elementor-size-default\">Amac\u0131m\u0131z, teknoloji ile i\u015f d\u00fcnyas\u0131 aras\u0131nda k\u00f6pr\u00fcler kurarak, m\u00fc\u015fterilerimizin rekabet g\u00fcc\u00fcn\u00fc art\u0131rmalar\u0131na yard\u0131mc\u0131 olmakt\u0131r. M\u00fc\u015fteri odakl\u0131 yakla\u015f\u0131m\u0131m\u0131zla, her projede t\u00fcm payda\u015flarla i\u015fbirli\u011fi i\u00e7inde, kaliteli ve etkili yaz\u0131l\u0131mlar sunmay\u0131 hedefliyoruz.<\/p>\t\t\t\t<\/div>\n\t\t\t\t<div class=\"elementor-element elementor-element-25483d2 elementor-widget elementor-widget-heading\" data-id=\"25483d2\" data-element_type=\"widget\" data-e-type=\"widget\" data-widget_type=\"heading.default\">\n\t\t\t\t\t<p class=\"elementor-heading-title elementor-size-default\">Codemerge olarak, yaz\u0131l\u0131m geli\u015ftirme s\u00fcre\u00e7lerinde en son teknoloji ve en iyi uygulamalar\u0131 kullanarak, sekt\u00f6rdeki yenilikleri takip ediyor ve m\u00fc\u015fterilerimizin gelecekteki ihtiya\u00e7lar\u0131na y\u00f6nelik \u00e7\u00f6z\u00fcmler \u00fcretiyoruz. <\/p>\t\t\t\t<\/div>\n\t\t\t\t\t<\/div>\n\t\t<\/div>\n\t\t\t\t<div class=\"elementor-column elementor-col-50 elementor-top-column elementor-element elementor-element-26931f7\" data-id=\"26931f7\" data-element_type=\"column\" data-e-type=\"column\">\n\t\t\t<div class=\"elementor-widget-wrap elementor-element-populated\">\n\t\t\t\t\t\t<div class=\"elementor-element elementor-element-e31c0c3 bounce-animate elementor-widget elementor-widget-image\" data-id=\"e31c0c3\" data-element_type=\"widget\" data-e-type=\"widget\" data-widget_type=\"image.default\">\n\t\t\t\t\t\t\t\t\t\t\t\t\t\t\t<img fetchpriority=\"high\" decoding=\"async\" width=\"491\" height=\"639\" src=\"https:\/\/www.codemerge.com.tr\/wp-content\/uploads\/2022\/09\/Startup-Agency12.png\" class=\"attachment-medium_large size-medium_large wp-image-95\" alt=\"\" srcset=\"https:\/\/www.codemerge.com.tr\/wp-content\/uploads\/2022\/09\/Startup-Agency12.png 491w, https:\/\/www.codemerge.com.tr\/wp-content\/uploads\/2022\/09\/Startup-Agency12-231x300.png 231w\" sizes=\"(max-width: 491px) 100vw, 491px\" \/>\t\t\t\t\t\t\t\t\t\t\t\t\t\t\t<\/div>\n\t\t\t\t\t<\/div>\n\t\t<\/div>\n\t\t\t\t\t<\/div>\n\t\t<\/section>\n\t\t\t\t<section class=\"elementor-section elementor-top-section elementor-element elementor-element-78e925e elementor-section-stretched elementor-section-boxed elementor-section-height-default elementor-section-height-default\" data-id=\"78e925e\" data-element_type=\"section\" data-e-type=\"section\" data-settings=\"{&quot;background_background&quot;:&quot;classic&quot;,&quot;stretch_section&quot;:&quot;section-stretched&quot;}\">\n\t\t\t\t\t\t\t<div class=\"elementor-background-overlay\"><\/div>\n\t\t\t\t\t\t\t<div class=\"elementor-container elementor-column-gap-default\">\n\t\t\t\t\t<div class=\"elementor-column elementor-col-100 elementor-top-column elementor-element elementor-element-caeda0b\" data-id=\"caeda0b\" data-element_type=\"column\" data-e-type=\"column\">\n\t\t\t<div class=\"elementor-widget-wrap elementor-element-populated\">\n\t\t\t\t\t\t<div class=\"elementor-element elementor-element-c27856e elementor-widget elementor-widget-sectiontitle\" data-id=\"c27856e\" data-element_type=\"widget\" data-e-type=\"widget\" data-widget_type=\"sectiontitle.default\">\n\t\t\t\t<div class=\"elementor-widget-container\">\n\t\t\t\t\t\r\n\t\t\t\t<div class=\"\">\r\n\r\n\t\t\t<div class=\"section-title t_center\">\r\n                 \r\n                        <h5>\u0130\u015f S\u00fcrecimiz <span><\/span><\/h5>\r\n                \r\n\t\t\t\t\t\t\t\t\r\n\t\t\t\t  \r\n                       <h3>Nas\u0131l \u0130lerliyoruz?<\/h3>\r\n                \t\t\t\t\r\n\t\t\t\t \t\t\t\t\r\n                 \r\n                        <p>Her biri, proje ilerleyi\u015fini a\u00e7\u0131k\u00e7a anlaman\u0131z\u0131 sa\u011flayacak \u015fekilde planlanm\u0131\u015f ad\u0131mlard\u0131r.                            <br>\nSorunsuz entegrasyon ve i\u015fbirli\u011fi i\u00e7in bu ad\u0131mlar\u0131 \u00e7ok \u00f6nemsiyoruz.<\/p>\r\n                \t\t\t\t\r\n\r\n\t\t\t\t\r\n\t\t\t<\/div>\t\r\n\r\n\t\t<\/div>\r\n\r\n\t\t\r\n\t\t\t\t\t\t<\/div>\n\t\t\t\t<\/div>\n\t\t\t\t<section class=\"elementor-section elementor-inner-section elementor-element elementor-element-3a17a86 elementor-section-boxed elementor-section-height-default elementor-section-height-default\" data-id=\"3a17a86\" data-element_type=\"section\" data-e-type=\"section\" data-settings=\"{&quot;background_background&quot;:&quot;classic&quot;}\">\n\t\t\t\t\t\t<div class=\"elementor-container elementor-column-gap-default\">\n\t\t\t\t\t<div class=\"elementor-column elementor-col-33 elementor-inner-column elementor-element elementor-element-d3fd085\" data-id=\"d3fd085\" data-element_type=\"column\" data-e-type=\"column\">\n\t\t\t<div class=\"elementor-widget-wrap elementor-element-populated\">\n\t\t\t\t\t\t<div class=\"elementor-element elementor-element-344659b elementor-widget elementor-widget-workprocess\" data-id=\"344659b\" data-element_type=\"widget\" data-e-type=\"widget\" data-widget_type=\"workprocess.default\">\n\t\t\t\t<div class=\"elementor-widget-container\">\n\t\t\t\t\t\r\n\t\t\r\n\t\t<div class=\"work_progress style-three\">\r\n\t\r\n\t\t\t<div class=\"progress_content\">\r\n\r\n\t\t\t\t<div class=\"work_progress-number\">\r\n\t\t\t\t\t<span>1<\/span>\r\n\t\t\t\t<\/div>\r\n\t\t\t\t<div class=\"work_progress-title\">\r\n\t\t\t\t\t<h2>\r\n\t\t\t\t\t\t\u0130lk Temas\t\t\t\t\t<\/h2>\r\n\t\t\t\t<\/div>\r\n\t\t\t\t<div class=\"work_progress-desc\">\r\n\t\t\t\t\t<p>\r\n\t\t\t\t\t\tProjelerinize ba\u015flamadan \u00f6nce, sizlerle online ortamda bir araya gelir, fikirlerinizi ve ihtiya\u00e7lar\u0131n\u0131z\u0131 dikkatle dinleriz. \t\t\t\t\t<\/p>\r\n\t\t\t\t<\/div>\r\n\t\t\t<\/div><!-- .progress_content -->\r\n\t\t<\/div>\r\n\r\n\t\t\r\n\t\t\t\t\t\t<\/div>\n\t\t\t\t<\/div>\n\t\t\t\t<div class=\"elementor-element elementor-element-07314fd elementor-widget elementor-widget-workprocess\" data-id=\"07314fd\" data-element_type=\"widget\" data-e-type=\"widget\" data-widget_type=\"workprocess.default\">\n\t\t\t\t<div class=\"elementor-widget-container\">\n\t\t\t\t\t\r\n\t\t\r\n\t\t<div class=\"work_progress style-three\">\r\n\t\r\n\t\t\t<div class=\"progress_content\">\r\n\r\n\t\t\t\t<div class=\"work_progress-number\">\r\n\t\t\t\t\t<span>4<\/span>\r\n\t\t\t\t<\/div>\r\n\t\t\t\t<div class=\"work_progress-title\">\r\n\t\t\t\t\t<h2>\r\n\t\t\t\t\t\tTasar\u0131m S\u00fcreci\t\t\t\t\t<\/h2>\r\n\t\t\t\t<\/div>\r\n\t\t\t\t<div class=\"work_progress-desc\">\r\n\t\t\t\t\t<p>\r\n\t\t\t\t\t\tProje gereksinimlerinize g\u00f6re, sizden aray\u00fcz tasar\u0131m\u0131n\u0131z i\u00e7in gerekli bilgileri ve tercihleri i\u00e7eren bir tasar\u0131m bildirim formu doldurman\u0131z\u0131 isteriz. Bu form, tasar\u0131m s\u00fcrecinde kullan\u0131lacak temel bilgileri i\u00e7erir.\t\t\t\t\t<\/p>\r\n\t\t\t\t<\/div>\r\n\t\t\t<\/div><!-- .progress_content -->\r\n\t\t<\/div>\r\n\r\n\t\t\r\n\t\t\t\t\t\t<\/div>\n\t\t\t\t<\/div>\n\t\t\t\t<div class=\"elementor-element elementor-element-bd17ee5 elementor-widget elementor-widget-workprocess\" data-id=\"bd17ee5\" data-element_type=\"widget\" data-e-type=\"widget\" data-widget_type=\"workprocess.default\">\n\t\t\t\t<div class=\"elementor-widget-container\">\n\t\t\t\t\t\r\n\t\t\r\n\t\t<div class=\"work_progress style-three\">\r\n\t\r\n\t\t\t<div class=\"progress_content\">\r\n\r\n\t\t\t\t<div class=\"work_progress-number\">\r\n\t\t\t\t\t<span>7<\/span>\r\n\t\t\t\t<\/div>\r\n\t\t\t\t<div class=\"work_progress-title\">\r\n\t\t\t\t\t<h2>\r\n\t\t\t\t\t\t\u00d6n Test S\u00fcreci\t\t\t\t\t<\/h2>\r\n\t\t\t\t<\/div>\r\n\t\t\t\t<div class=\"work_progress-desc\">\r\n\t\t\t\t\t<p>\r\n\t\t\t\t\t\tProjenizin tamamlanmas\u0131n\u0131n ard\u0131ndan,  test s\u00fcreci ba\u015flat\u0131r\u0131z. Fonksiyonel testler, kullan\u0131c\u0131 kabul testleri (UAT) ve performans testleri yap\u0131larak, projenizin sorunsuz \u00e7al\u0131\u015ft\u0131\u011f\u0131ndan emin olunur.\t\t\t\t\t<\/p>\r\n\t\t\t\t<\/div>\r\n\t\t\t<\/div><!-- .progress_content -->\r\n\t\t<\/div>\r\n\r\n\t\t\r\n\t\t\t\t\t\t<\/div>\n\t\t\t\t<\/div>\n\t\t\t\t\t<\/div>\n\t\t<\/div>\n\t\t\t\t<div class=\"elementor-column elementor-col-33 elementor-inner-column elementor-element elementor-element-2c58e19\" data-id=\"2c58e19\" data-element_type=\"column\" data-e-type=\"column\">\n\t\t\t<div class=\"elementor-widget-wrap elementor-element-populated\">\n\t\t\t\t\t\t<div class=\"elementor-element elementor-element-7eb6ecc elementor-widget elementor-widget-workprocess\" data-id=\"7eb6ecc\" data-element_type=\"widget\" data-e-type=\"widget\" data-widget_type=\"workprocess.default\">\n\t\t\t\t<div class=\"elementor-widget-container\">\n\t\t\t\t\t\r\n\t\t\r\n\t\t<div class=\"work_progress style-three\">\r\n\t\r\n\t\t\t<div class=\"progress_content\">\r\n\r\n\t\t\t\t<div class=\"work_progress-number\">\r\n\t\t\t\t\t<span>2<\/span>\r\n\t\t\t\t<\/div>\r\n\t\t\t\t<div class=\"work_progress-title\">\r\n\t\t\t\t\t<h2>\r\n\t\t\t\t\t\tPlanlama\t\t\t\t\t<\/h2>\r\n\t\t\t\t<\/div>\r\n\t\t\t\t<div class=\"work_progress-desc\">\r\n\t\t\t\t\t<p>\r\n\t\t\t\t\t\t\u0130steklerinizi ve teknik gereksinimlerinizi ayr\u0131nt\u0131l\u0131 olarak tan\u0131mlar\u0131z. Pproje takvimi ve gerekli kaynaklar\u0131 planlar\u0131z.\n\t\t\t\t\t<\/p>\r\n\t\t\t\t<\/div>\r\n\t\t\t<\/div><!-- .progress_content -->\r\n\t\t<\/div>\r\n\r\n\t\t\r\n\t\t\t\t\t\t<\/div>\n\t\t\t\t<\/div>\n\t\t\t\t<div class=\"elementor-element elementor-element-8f740a9 elementor-widget elementor-widget-workprocess\" data-id=\"8f740a9\" data-element_type=\"widget\" data-e-type=\"widget\" data-widget_type=\"workprocess.default\">\n\t\t\t\t<div class=\"elementor-widget-container\">\n\t\t\t\t\t\r\n\t\t\r\n\t\t<div class=\"work_progress style-three\">\r\n\t\r\n\t\t\t<div class=\"progress_content\">\r\n\r\n\t\t\t\t<div class=\"work_progress-number\">\r\n\t\t\t\t\t<span>5<\/span>\r\n\t\t\t\t<\/div>\r\n\t\t\t\t<div class=\"work_progress-title\">\r\n\t\t\t\t\t<h2>\r\n\t\t\t\t\t\tAray\u00fcz S\u00fcreci\t\t\t\t\t<\/h2>\r\n\t\t\t\t<\/div>\r\n\t\t\t\t<div class=\"work_progress-desc\">\r\n\t\t\t\t\t<p>\r\n\t\t\t\t\t\tOnaylanan tasar\u0131mlar do\u011frultusunda, aray\u00fcz\u00fcn (frontend) kodlama s\u00fcrecine ge\u00e7eriz. G\u00f6rsel ve i\u015flevsel \u00f6zellikler \u00f6n plana \u00e7\u0131kar\u0131larak, kullan\u0131c\u0131 dostu ve responsive bir yap\u0131da kodlan\u0131r.\n\t\t\t\t\t<\/p>\r\n\t\t\t\t<\/div>\r\n\t\t\t<\/div><!-- .progress_content -->\r\n\t\t<\/div>\r\n\r\n\t\t\r\n\t\t\t\t\t\t<\/div>\n\t\t\t\t<\/div>\n\t\t\t\t<div class=\"elementor-element elementor-element-14af175 elementor-widget elementor-widget-workprocess\" data-id=\"14af175\" data-element_type=\"widget\" data-e-type=\"widget\" data-widget_type=\"workprocess.default\">\n\t\t\t\t<div class=\"elementor-widget-container\">\n\t\t\t\t\t\r\n\t\t\r\n\t\t<div class=\"work_progress style-three\">\r\n\t\r\n\t\t\t<div class=\"progress_content\">\r\n\r\n\t\t\t\t<div class=\"work_progress-number\">\r\n\t\t\t\t\t<span>8<\/span>\r\n\t\t\t\t<\/div>\r\n\t\t\t\t<div class=\"work_progress-title\">\r\n\t\t\t\t\t<h2>\r\n\t\t\t\t\t\tDevreye Alma\t\t\t\t\t<\/h2>\r\n\t\t\t\t<\/div>\r\n\t\t\t\t<div class=\"work_progress-desc\">\r\n\t\t\t\t\t<p>\r\n\t\t\t\t\t\tT\u00fcm testlerin ba\u015far\u0131l\u0131 bir \u015fekilde tamamlanmas\u0131n\u0131n ard\u0131ndan,  projenizin sunucular\u0131a kurulumunu ger\u00e7ekle\u015ftiririz.   Kabul testleri de ba\u015far\u0131l\u0131 olduktan sonra devreye al\u0131m ger\u00e7ekle\u015ftirilir.\n\t\t\t\t\t<\/p>\r\n\t\t\t\t<\/div>\r\n\t\t\t<\/div><!-- .progress_content -->\r\n\t\t<\/div>\r\n\r\n\t\t\r\n\t\t\t\t\t\t<\/div>\n\t\t\t\t<\/div>\n\t\t\t\t\t<\/div>\n\t\t<\/div>\n\t\t\t\t<div class=\"elementor-column elementor-col-33 elementor-inner-column elementor-element elementor-element-65616e6\" data-id=\"65616e6\" data-element_type=\"column\" data-e-type=\"column\">\n\t\t\t<div class=\"elementor-widget-wrap elementor-element-populated\">\n\t\t\t\t\t\t<div class=\"elementor-element elementor-element-132e641 elementor-widget elementor-widget-workprocess\" data-id=\"132e641\" data-element_type=\"widget\" data-e-type=\"widget\" data-widget_type=\"workprocess.default\">\n\t\t\t\t<div class=\"elementor-widget-container\">\n\t\t\t\t\t\r\n\t\t\r\n\t\t<div class=\"work_progress style-three\">\r\n\t\r\n\t\t\t<div class=\"progress_content\">\r\n\r\n\t\t\t\t<div class=\"work_progress-number\">\r\n\t\t\t\t\t<span>3<\/span>\r\n\t\t\t\t<\/div>\r\n\t\t\t\t<div class=\"work_progress-title\">\r\n\t\t\t\t\t<h2>\r\n\t\t\t\t\t\tTeklif\t\t\t\t\t<\/h2>\r\n\t\t\t\t<\/div>\r\n\t\t\t\t<div class=\"work_progress-desc\">\r\n\t\t\t\t\t<p>\r\n\t\t\t\t\t\tPlanlama a\u015famas\u0131nda elde edilen bilgiler do\u011frultusunda, sizlere detayl\u0131 bir teklif sunar\u0131z. \n\t\t\t\t\t<\/p>\r\n\t\t\t\t<\/div>\r\n\t\t\t<\/div><!-- .progress_content -->\r\n\t\t<\/div>\r\n\r\n\t\t\r\n\t\t\t\t\t\t<\/div>\n\t\t\t\t<\/div>\n\t\t\t\t<div class=\"elementor-element elementor-element-72eba45 elementor-widget elementor-widget-workprocess\" data-id=\"72eba45\" data-element_type=\"widget\" data-e-type=\"widget\" data-widget_type=\"workprocess.default\">\n\t\t\t\t<div class=\"elementor-widget-container\">\n\t\t\t\t\t\r\n\t\t\r\n\t\t<div class=\"work_progress style-three\">\r\n\t\r\n\t\t\t<div class=\"progress_content\">\r\n\r\n\t\t\t\t<div class=\"work_progress-number\">\r\n\t\t\t\t\t<span>6<\/span>\r\n\t\t\t\t<\/div>\r\n\t\t\t\t<div class=\"work_progress-title\">\r\n\t\t\t\t\t<h2>\r\n\t\t\t\t\t\tKodlama S\u00fcreci\t\t\t\t\t<\/h2>\r\n\t\t\t\t<\/div>\r\n\t\t\t\t<div class=\"work_progress-desc\">\r\n\t\t\t\t\t<p>\r\n\t\t\t\t\t\tBu s\u00fcre\u00e7te, veri taban\u0131 y\u00f6netimi, sunucu taraf\u0131 i\u015flemleri ve gerekli entegrasyonlar yap\u0131larak, talep etti\u011finiz yaz\u0131l\u0131m\u0131n i\u015flevselli\u011fini artt\u0131racak arka plan kodlar\u0131n\u0131 yazar\u0131z.\t\t\t\t\t<\/p>\r\n\t\t\t\t<\/div>\r\n\t\t\t<\/div><!-- .progress_content -->\r\n\t\t<\/div>\r\n\r\n\t\t\r\n\t\t\t\t\t\t<\/div>\n\t\t\t\t<\/div>\n\t\t\t\t<div class=\"elementor-element elementor-element-bee13e4 elementor-widget elementor-widget-workprocess\" data-id=\"bee13e4\" data-element_type=\"widget\" data-e-type=\"widget\" data-widget_type=\"workprocess.default\">\n\t\t\t\t<div class=\"elementor-widget-container\">\n\t\t\t\t\t\r\n\t\t\r\n\t\t<div class=\"work_progress style-three\">\r\n\t\r\n\t\t\t<div class=\"progress_content\">\r\n\r\n\t\t\t\t<div class=\"work_progress-number\">\r\n\t\t\t\t\t<span>9<\/span>\r\n\t\t\t\t<\/div>\r\n\t\t\t\t<div class=\"work_progress-title\">\r\n\t\t\t\t\t<h2>\r\n\t\t\t\t\t\tDestek ve Bak\u0131m  \t\t\t\t\t<\/h2>\r\n\t\t\t\t<\/div>\r\n\t\t\t\t<div class=\"work_progress-desc\">\r\n\t\t\t\t\t<p>\r\n\t\t\t\t\t\tProjenizin sorunsuz \u00e7al\u0131\u015fmas\u0131n\u0131 sa\u011flamak, olas\u0131 sorunlara \u00e7\u00f6z\u00fcmler sunmak i\u00e7in destek ve bak\u0131m hizmeti veririz. \u0130yile\u015ftirmeler,  yeni \u00f6zellikler eklemek i\u00e7in sizlerle s\u00fcrekli ileti\u015fimde kal\u0131r\u0131z.\t\t\t\t\t<\/p>\r\n\t\t\t\t<\/div>\r\n\t\t\t<\/div><!-- .progress_content -->\r\n\t\t<\/div>\r\n\r\n\t\t\r\n\t\t\t\t\t\t<\/div>\n\t\t\t\t<\/div>\n\t\t\t\t\t<\/div>\n\t\t<\/div>\n\t\t\t\t\t<\/div>\n\t\t<\/section>\n\t\t\t\t\t<\/div>\n\t\t<\/div>\n\t\t\t\t\t<\/div>\n\t\t<\/section>\n\t\t\t\t<\/div>\n\t\t","protected":false},"excerpt":{"rendered":"<p>Biz Kimiz? 20 Y\u0131ll\u0131k birikim ve ilk g\u00fcnk\u00fc heyecan\u0131 birle\u015ftiren deneyimli bir ekibiz. Codemerge, 2024 y\u0131l\u0131nda kurularak kurumsal m\u00fc\u015fterilere \u00f6zel yaz\u0131l\u0131m \u00e7\u00f6z\u00fcmleri sunma misyonuyla hizmet vermeye ba\u015flam\u0131\u015ft\u0131r. Yaz\u0131l\u0131m sekt\u00f6r\u00fcnde 17 y\u0131ldan fazla deneyime sahip ortaklar\u0131m\u0131z, geni\u015f bir bilgi birikimi ve uzmanl\u0131kla, \u00e7e\u015fitli end\u00fcstrilere hitap eden entegre yaz\u0131l\u0131m sistemleri geli\u015ftirmektedir. \u015eirketimiz, ERP ve CRM sistemleri alan\u0131nda [&hellip;]<\/p>\n","protected":false},"author":1,"featured_media":0,"parent":0,"menu_order":0,"comment_status":"closed","ping_status":"closed","template":"page-templates\/template-default.php","meta":{"_monsterinsights_skip_tracking":false,"_monsterinsights_sitenote_active":false,"_monsterinsights_sitenote_note":"","_monsterinsights_sitenote_category":0,"footnotes":""},"class_list":["post-559","page","type-page","status-publish","hentry"],"_links":{"self":[{"href":"https:\/\/www.codemerge.com.tr\/index.php\/wp-json\/wp\/v2\/pages\/559","targetHints":{"allow":["GET"]}}],"collection":[{"href":"https:\/\/www.codemerge.com.tr\/index.php\/wp-json\/wp\/v2\/pages"}],"about":[{"href":"https:\/\/www.codemerge.com.tr\/index.php\/wp-json\/wp\/v2\/types\/page"}],"author":[{"embeddable":true,"href":"https:\/\/www.codemerge.com.tr\/index.php\/wp-json\/wp\/v2\/users\/1"}],"replies":[{"embeddable":true,"href":"https:\/\/www.codemerge.com.tr\/index.php\/wp-json\/wp\/v2\/comments?post=559"}],"version-history":[{"count":74,"href":"https:\/\/www.codemerge.com.tr\/index.php\/wp-json\/wp\/v2\/pages\/559\/revisions"}],"predecessor-version":[{"id":3133,"href":"https:\/\/www.codemerge.com.tr\/index.php\/wp-json\/wp\/v2\/pages\/559\/revisions\/3133"}],"wp:attachment":[{"href":"https:\/\/www.codemerge.com.tr\/index.php\/wp-json\/wp\/v2\/media?parent=559"}],"curies":[{"name":"wp","href":"https:\/\/api.w.org\/{rel}","templated":true}]}}