{"id":2987,"date":"2022-11-08T12:03:19","date_gmt":"2022-11-08T12:03:19","guid":{"rendered":"https:\/\/www.codemerge.com.tr\/?page_id=2987"},"modified":"2025-12-02T18:08:23","modified_gmt":"2025-12-02T18:08:23","slug":"ai","status":"publish","type":"page","link":"https:\/\/www.codemerge.com.tr\/index.php\/ai\/","title":{"rendered":"Yapay Zeka \u00c7\u00f6z\u00fcmleri"},"content":{"rendered":"\t\t<div data-elementor-type=\"wp-page\" data-elementor-id=\"2987\" class=\"elementor elementor-2987\">\n\t\t\t\t\t\t<section class=\"elementor-section elementor-top-section elementor-element elementor-element-f6d6ad2 elementor-section-full_width elementor-section-height-default elementor-section-height-default\" data-id=\"f6d6ad2\" data-element_type=\"section\" data-e-type=\"section\">\n\t\t\t\t\t\t<div class=\"elementor-container elementor-column-gap-no\">\n\t\t\t\t\t<div class=\"elementor-column elementor-col-100 elementor-top-column elementor-element elementor-element-204198c\" data-id=\"204198c\" data-element_type=\"column\" data-e-type=\"column\">\n\t\t\t<div class=\"elementor-widget-wrap\">\n\t\t\t\t\t\t\t<\/div>\n\t\t<\/div>\n\t\t\t\t\t<\/div>\n\t\t<\/section>\n\t\t\t\t<section class=\"elementor-section elementor-top-section elementor-element elementor-element-92118d7 elementor-section-boxed elementor-section-height-default elementor-section-height-default\" data-id=\"92118d7\" data-element_type=\"section\" data-e-type=\"section\" id=\"service\" data-settings=\"{&quot;background_background&quot;:&quot;classic&quot;}\">\n\t\t\t\t\t\t<div class=\"elementor-container elementor-column-gap-no\">\n\t\t\t\t\t<div class=\"elementor-column elementor-col-100 elementor-top-column elementor-element elementor-element-39805ba\" data-id=\"39805ba\" data-element_type=\"column\" data-e-type=\"column\">\n\t\t\t<div class=\"elementor-widget-wrap elementor-element-populated\">\n\t\t\t\t\t\t<div class=\"elementor-element elementor-element-d889340 elementor-widget elementor-widget-slider_revolution\" data-id=\"d889340\" data-element_type=\"widget\" data-e-type=\"widget\" data-widget_type=\"slider_revolution.default\">\n\t\t\t\t\t\n\t\t<div class=\"wp-block-themepunch-revslider\">\n\t\t\t\t<p class=\"rs-p-wp-fix\"><\/p>\n\t\t\t\t<sr7-module data-alias=\"ai\" data-id=\"4\" id=\"SR7_4_1\" class=\"rs-ov-hidden\" data-version=\"6.7.34\">\n\t\t\t\t\t<sr7-adjuster><\/sr7-adjuster>\n\t\t\t\t\t<sr7-content>\n\t\t\t\t\t\t<sr7-slide id=\"SR7_4_1-7\" data-key=\"7\">\n\t\t\t\t\t\t\t<sr7-bg id=\"SR7_4_1-7-9\" class=\"sr7-layer\"><noscript><img decoding=\"async\" src=\"https:\/\/www.codemerge.com.tr\/wp-content\/uploads\/2022\/08\/Startup-Agency5.png\" alt=\"\" title=\"Startup Agency(5)\"><\/noscript><\/sr7-bg>\n\t\t\t\t\t\t\t<sr7-txt id=\"SR7_4_1-7-1\" class=\"sr7-layer\">Veriden i\u00e7g\u00f6r\u00fcye, i\u00e7g\u00f6r\u00fcden aksiyona.<\/sr7-txt>\n\t\t\t\t\t\t\t<sr7-txt id=\"SR7_4_1-7-6\" class=\"sr7-layer\">Art\u0131k sisteminiz yaln\u0131zca verileri toplamakla kalm\u0131yor, ayn\u0131 <br \/>\nzamanda bu verileri analiz ediyor, \u00f6neriler \u00fcretiyor ve karar <br \/>\ns\u00fcre\u00e7lerinizi h\u0131zland\u0131r\u0131yor.<\/sr7-txt>\n\t\t\t\t\t\t<\/sr7-slide>\n\t\t\t\t\t\t<sr7-slide id=\"SR7_4_1-8\" data-key=\"8\">\n\t\t\t\t\t\t<\/sr7-slide>\n\t\t\t\t\t<\/sr7-content>\n\t\t\t\t\t<image_lists style=\"display:none\">\n\t\t\t\t\t\t<img data-src=\"\/\/www.codemerge.com.tr\/wp-content\/uploads\/2025\/10\/whatsapp_icon-1.png\" data-libid=\"2995\" data-lib=\"medialibrary\" title=\"whatsapp_icon\" width=\"0\" height=\"0\" data-dbsrc=\"Ly93d3cuY29kZW1lcmdlLmNvbS50ci93cC1jb250ZW50L3VwbG9hZHMvMjAyNS8xMC93aGF0c2FwcF9pY29uLTEucG5n\"\/>\n\t\t\t\t\t\t<img data-src=\"\/\/www.codemerge.com.tr\/wp-content\/uploads\/2025\/10\/progress-report_8277786.png\" data-libid=\"2996\" data-lib=\"medialibrary\" title=\"progress-report_8277786\" width=\"0\" height=\"0\" data-dbsrc=\"Ly93d3cuY29kZW1lcmdlLmNvbS50ci93cC1jb250ZW50L3VwbG9hZHMvMjAyNS8xMC9wcm9ncmVzcy1yZXBvcnRfODI3Nzc4Ni5wbmc=\"\/>\n\t\t\t\t\t\t<img data-src=\"\/\/www.codemerge.com.tr\/wp-content\/uploads\/2025\/10\/ai_robot-1.png\" data-libid=\"3002\" data-lib=\"medialibrary\" title=\"ai_robot\" width=\"0\" height=\"0\" data-dbsrc=\"Ly93d3cuY29kZW1lcmdlLmNvbS50ci93cC1jb250ZW50L3VwbG9hZHMvMjAyNS8xMC9haV9yb2JvdC0xLnBuZw==\"\/>\n\t\t\t\t\t\t<img loading=\"lazy\" data-src=\"\/\/www.codemerge.com.tr\/wp-content\/uploads\/2025\/10\/management_8277975.png\" data-libid=\"2997\" data-lib=\"medialibrary\" title=\"management_8277975\" width=\"0\" height=\"0\" data-dbsrc=\"Ly93d3cuY29kZW1lcmdlLmNvbS50ci93cC1jb250ZW50L3VwbG9hZHMvMjAyNS8xMC9tYW5hZ2VtZW50XzgyNzc5NzUucG5n\"\/>\n\t\t\t\t\t\t<img loading=\"lazy\" data-src=\"\/\/www.codemerge.com.tr\/wp-content\/uploads\/2025\/10\/phone-book_8277963.png\" data-libid=\"2998\" data-lib=\"medialibrary\" title=\"phone-book_8277963\" width=\"0\" height=\"0\" data-dbsrc=\"Ly93d3cuY29kZW1lcmdlLmNvbS50ci93cC1jb250ZW50L3VwbG9hZHMvMjAyNS8xMC9waG9uZS1ib29rXzgyNzc5NjMucG5n\"\/>\n\t\t\t\t\t\t<img loading=\"lazy\" data-src=\"\/\/www.codemerge.com.tr\/wp-content\/uploads\/2022\/08\/Startup-Agency5.png\" data-libid=\"24\" data-lib=\"medialibrary\" title=\"Startup Agency(5)\" width=\"0\" height=\"0\" data-dbsrc=\"Ly93d3cuY29kZW1lcmdlLmNvbS50ci93cC1jb250ZW50L3VwbG9hZHMvMjAyMi8wOC9TdGFydHVwLUFnZW5jeTUucG5n\"\/>\n\t\t\t\t\t<\/image_lists>\n\t\t\t\t<\/sr7-module>\n\t\t\t\t<script>\n\t\t\t\t\tSR7.PMH ??={}; SR7.PMH[\"SR7_4_1\"] = {cn:100,state:false,fn: function() { if (_tpt!==undefined && _tpt.prepareModuleHeight !== undefined) {  _tpt.prepareModuleHeight({id:\"SR7_4_1\",el:[900,900,768,650,720],type:'standard',shdw:'0',gh:[900,900,768,650,720],gw:[1240,1240,1024,778,480],vpt:['-100px&#039;,&#039;-100px&#039;,&#039;-100px&#039;,&#039;-100px&#039;,&#039;-100px'],size:{fullWidth:true, fullHeight:false},mh:'0',onh:0,onw:0,bg:{color:'{\"orig\":\"transparent\",\"type\":\"solid\",\"string\":\"transparent\"}'}});   SR7.PMH[\"SR7_4_1\"].state=true;} else if(SR7.PMH[\"SR7_4_1\"].cn-->0)\tsetTimeout( SR7.PMH[\"SR7_4_1\"].fn,19);}};SR7.PMH[\"SR7_4_1\" ].fn();\n\t\t\t\t<\/script>\n<\/div>\n\n\t\t\t\t\t\t<\/div>\n\t\t\t\t\t<\/div>\n\t\t<\/div>\n\t\t\t\t\t<\/div>\n\t\t<\/section>\n\t\t\t\t<section class=\"elementor-section elementor-top-section elementor-element elementor-element-8e13b23 elementor-section-boxed elementor-section-height-default elementor-section-height-default\" data-id=\"8e13b23\" data-element_type=\"section\" data-e-type=\"section\" data-settings=\"{&quot;background_background&quot;:&quot;classic&quot;}\">\n\t\t\t\t\t\t\t<div class=\"elementor-background-overlay\"><\/div>\n\t\t\t\t\t\t\t<div class=\"elementor-container elementor-column-gap-default\">\n\t\t\t\t\t<div class=\"elementor-column elementor-col-100 elementor-top-column elementor-element elementor-element-7c080ea\" data-id=\"7c080ea\" data-element_type=\"column\" data-e-type=\"column\">\n\t\t\t<div class=\"elementor-widget-wrap elementor-element-populated\">\n\t\t\t\t\t\t<div class=\"elementor-element elementor-element-0f63e76 elementor-widget elementor-widget-sectiontitle\" data-id=\"0f63e76\" data-element_type=\"widget\" data-e-type=\"widget\" data-widget_type=\"sectiontitle.default\">\n\t\t\t\t<div class=\"elementor-widget-container\">\n\t\t\t\t\t\r\n\t\t\t\t<div class=\"\">\r\n\r\n\t\t\t<div class=\"section-title t_center\">\r\n                 \r\n                        <h5>Whatsapp Entegrasyonu <span><\/span><\/h5>\r\n                \r\n\t\t\t\t\t\t\t\t\r\n\t\t\t\t  \r\n                       <h3>Crm'in G\u00fcc\u00fc, Whatsapp'in kolayl\u0131\u011f\u0131<\/h3>\r\n                \t\t\t\t\r\n\t\t\t\t \t\t\t\t\r\n                 \r\n                        <p>Yapay zeka, gelen mesajlar\u0131 anlamland\u0131rarak sat\u0131\u015f f\u0131rsatlar\u0131n\u0131 \u00f6nceliklendiriyor Logo Crm firmalar ve ki\u015fi kartlar\u0131na  entegre WhatsApp ise m\u00fc\u015fteri ileti\u015fimini tek merkezden, h\u0131zl\u0131 ve kesintisiz hale getiriyor.\nBu sayede hem veriye dayal\u0131 kararlar, hem de ger\u00e7ek zamanl\u0131 m\u00fc\u015fteri etkile\u015fimi tek platformda birle\u015fiyor.<\/p>\r\n                \t\t\t\t\r\n\r\n\t\t\t\t\r\n\t\t\t<\/div>\t\r\n\r\n\t\t<\/div>\r\n\r\n\t\t\r\n\t\t\t\t\t\t<\/div>\n\t\t\t\t<\/div>\n\t\t\t\t<section class=\"elementor-section elementor-inner-section elementor-element elementor-element-b026d16 elementor-section-boxed elementor-section-height-default elementor-section-height-default\" data-id=\"b026d16\" data-element_type=\"section\" data-e-type=\"section\">\n\t\t\t\t\t\t<div class=\"elementor-container elementor-column-gap-default\">\n\t\t\t\t\t<div class=\"elementor-column elementor-col-33 elementor-inner-column elementor-element elementor-element-4016c15\" data-id=\"4016c15\" data-element_type=\"column\" data-e-type=\"column\">\n\t\t\t<div class=\"elementor-widget-wrap elementor-element-populated\">\n\t\t\t\t\t\t<div class=\"elementor-element elementor-element-cce70e1 elementor-widget elementor-widget-iconbox\" data-id=\"cce70e1\" data-element_type=\"widget\" data-e-type=\"widget\" data-widget_type=\"iconbox.default\">\n\t\t\t\t<div class=\"elementor-widget-container\">\n\t\t\t\t\t\n\t\t\n\t\t<div class=\"icon-box style-two\">\n\n\t\t\t<div class=\"icon-box-icon\">\n\n\t\t\t\t\t\t\t\t<div class=\"icon\">\n\t\t\t\t\t<i class=\"fas fa-filter\"><\/i>\n\t\t\t\t<\/div>\n\n\t\t\t\t\n\t\t\t<\/div>\n\n\t\t\t<div class=\"icon-box-content\">\n\t\t\t\t<div class=\"title\">\n\t\t\t\t\t<h2>Filtreleme & raporlama<\/h2>\n\t\t\t\t<\/div>\n\t\t\t\t<div class=\"description\">\n\t\t\t\t\t<p>Verilerinizi h\u0131zl\u0131ca analiz edin, detayl\u0131 filtrelerle tam olarak arad\u0131\u011f\u0131n\u0131z\u0131 bulun.\nDinamik raporlama altyap\u0131s\u0131 sayesinde, karar s\u00fcre\u00e7lerinizi veriye dayal\u0131 hale getirin.<\/p>\n\t\t\t\t<\/div>\n\t\t\t<\/div>\n\t\t<\/div>\n\t\t\n\t\t\n\t\t\t\t\t\t<\/div>\n\t\t\t\t<\/div>\n\t\t\t\t<div class=\"elementor-element elementor-element-1f44bf0 elementor-widget elementor-widget-iconbox\" data-id=\"1f44bf0\" data-element_type=\"widget\" data-e-type=\"widget\" data-widget_type=\"iconbox.default\">\n\t\t\t\t<div class=\"elementor-widget-container\">\n\t\t\t\t\t\n\t\t\n\t\t<div class=\"icon-box style-two\">\n\n\t\t\t<div class=\"icon-box-icon\">\n\n\t\t\t\t\t\t\t\t<div class=\"icon\">\n\t\t\t\t\t<i class=\"fas fa-compress-arrows-alt\"><\/i>\n\t\t\t\t<\/div>\n\n\t\t\t\t\n\t\t\t<\/div>\n\n\t\t\t<div class=\"icon-box-content\">\n\t\t\t\t<div class=\"title\">\n\t\t\t\t\t<h2>No-code otomasyonlar<\/h2>\n\t\t\t\t<\/div>\n\t\t\t\t<div class=\"description\">\n\t\t\t\t\t<p>Tek sat\u0131r kod yazmadan, i\u015f s\u00fcre\u00e7lerinizi otomatikle\u015ftirin.\nZaman alan rutin g\u00f6revleri ak\u0131\u015flara d\u00f6n\u00fc\u015ft\u00fcrerek operasyonel verimlili\u011fi art\u0131r\u0131n.<\/p>\n\t\t\t\t<\/div>\n\t\t\t<\/div>\n\t\t<\/div>\n\t\t\n\t\t\n\t\t\t\t\t\t<\/div>\n\t\t\t\t<\/div>\n\t\t\t\t\t<\/div>\n\t\t<\/div>\n\t\t\t\t<div class=\"elementor-column elementor-col-33 elementor-inner-column elementor-element elementor-element-730061b\" data-id=\"730061b\" data-element_type=\"column\" data-e-type=\"column\">\n\t\t\t<div class=\"elementor-widget-wrap elementor-element-populated\">\n\t\t\t\t\t\t<div class=\"elementor-element elementor-element-b872ca5 elementor-widget elementor-widget-iconbox\" data-id=\"b872ca5\" data-element_type=\"widget\" data-e-type=\"widget\" data-widget_type=\"iconbox.default\">\n\t\t\t\t<div class=\"elementor-widget-container\">\n\t\t\t\t\t\n\t\t\n\t\t<div class=\"icon-box style-two\">\n\n\t\t\t<div class=\"icon-box-icon\">\n\n\t\t\t\t\t\t\t\t<div class=\"icon\">\n\t\t\t\t\t<i class=\"flaticon flaticon-support-3\"><\/i>\n\t\t\t\t<\/div>\n\n\t\t\t\t\n\t\t\t<\/div>\n\n\t\t\t<div class=\"icon-box-content\">\n\t\t\t\t<div class=\"title\">\n\t\t\t\t\t<h2>AI destekli canl\u0131 destek<\/h2>\n\t\t\t\t<\/div>\n\t\t\t\t<div class=\"description\">\n\t\t\t\t\t<p>Yapay zeka destekli destek sistemiyle m\u00fc\u015fteri taleplerini an\u0131nda y\u00f6netin.\nAk\u0131ll\u0131 yan\u0131tlar ve otomatik s\u0131n\u0131fland\u0131rmalarla kullan\u0131c\u0131 memnuniyetini art\u0131r\u0131n.<\/p>\n\t\t\t\t<\/div>\n\t\t\t<\/div>\n\t\t<\/div>\n\t\t\n\t\t\n\t\t\t\t\t\t<\/div>\n\t\t\t\t<\/div>\n\t\t\t\t<div class=\"elementor-element elementor-element-34c3ddb elementor-widget elementor-widget-iconbox\" data-id=\"34c3ddb\" data-element_type=\"widget\" data-e-type=\"widget\" data-widget_type=\"iconbox.default\">\n\t\t\t\t<div class=\"elementor-widget-container\">\n\t\t\t\t\t\n\t\t\n\t\t<div class=\"icon-box style-two\">\n\n\t\t\t<div class=\"icon-box-icon\">\n\n\t\t\t\t\t\t\t\t<div class=\"icon\">\n\t\t\t\t\t<i class=\"fab fa-stack-overflow\"><\/i>\n\t\t\t\t<\/div>\n\n\t\t\t\t\n\t\t\t<\/div>\n\n\t\t\t<div class=\"icon-box-content\">\n\t\t\t\t<div class=\"title\">\n\t\t\t\t\t<h2>\u0130\u015f ak\u0131\u015f\u0131 y\u00f6netimi<\/h2>\n\t\t\t\t<\/div>\n\t\t\t\t<div class=\"description\">\n\t\t\t\t\t<p>Veri tablolar\u0131n\u0131z\u0131 ve i\u015f ak\u0131\u015flar\u0131n\u0131z\u0131 esnek yap\u0131da y\u00f6netin. S\u00fcr\u00fckle-b\u0131rak d\u00fczenlemelerle s\u00fcre\u00e7leri h\u0131zla optimize edin ve ekip verimlili\u011fini art\u0131r\u0131n.<\/p>\n\t\t\t\t<\/div>\n\t\t\t<\/div>\n\t\t<\/div>\n\t\t\n\t\t\n\t\t\t\t\t\t<\/div>\n\t\t\t\t<\/div>\n\t\t\t\t\t<\/div>\n\t\t<\/div>\n\t\t\t\t<div class=\"elementor-column elementor-col-33 elementor-inner-column elementor-element elementor-element-ebbcb55\" data-id=\"ebbcb55\" data-element_type=\"column\" data-e-type=\"column\">\n\t\t\t<div class=\"elementor-widget-wrap elementor-element-populated\">\n\t\t\t\t\t\t<div class=\"elementor-element elementor-element-5470c72 elementor-widget elementor-widget-iconbox\" data-id=\"5470c72\" data-element_type=\"widget\" data-e-type=\"widget\" data-widget_type=\"iconbox.default\">\n\t\t\t\t<div class=\"elementor-widget-container\">\n\t\t\t\t\t\n\t\t\n\t\t<div class=\"icon-box style-two\">\n\n\t\t\t<div class=\"icon-box-icon\">\n\n\t\t\t\t\t\t\t\t<div class=\"icon\">\n\t\t\t\t\t<i class=\"flaticon flaticon-chat\"><\/i>\n\t\t\t\t<\/div>\n\n\t\t\t\t\n\t\t\t<\/div>\n\n\t\t\t<div class=\"icon-box-content\">\n\t\t\t\t<div class=\"title\">\n\t\t\t\t\t<h2>No-code chatbot olu\u015fturucu<\/h2>\n\t\t\t\t<\/div>\n\t\t\t\t<div class=\"description\">\n\t\t\t\t\t<p>Kod yazmadan, s\u00fcr\u00fckle-b\u0131rak mant\u0131\u011f\u0131yla kendi chatbot\u2019unuzu olu\u015fturun.\nDakikalar i\u00e7inde m\u00fc\u015fterilerinizle etkile\u015fime ge\u00e7en ak\u0131ll\u0131 asistanlar tasarlay\u0131n.<\/p>\n\t\t\t\t<\/div>\n\t\t\t<\/div>\n\t\t<\/div>\n\t\t\n\t\t\n\t\t\t\t\t\t<\/div>\n\t\t\t\t<\/div>\n\t\t\t\t<div class=\"elementor-element elementor-element-f1792ad elementor-widget elementor-widget-iconbox\" data-id=\"f1792ad\" data-element_type=\"widget\" data-e-type=\"widget\" data-widget_type=\"iconbox.default\">\n\t\t\t\t<div class=\"elementor-widget-container\">\n\t\t\t\t\t\n\t\t\n\t\t<div class=\"icon-box style-two\">\n\n\t\t\t<div class=\"icon-box-icon\">\n\n\t\t\t\t\t\t\t\t<div class=\"icon\">\n\t\t\t\t\t<i class=\"fas fa-mobile-alt\"><\/i>\n\t\t\t\t<\/div>\n\n\t\t\t\t\n\t\t\t<\/div>\n\n\t\t\t<div class=\"icon-box-content\">\n\t\t\t\t<div class=\"title\">\n\t\t\t\t\t<h2>Her yerden eri\u015fim<\/h2>\n\t\t\t\t<\/div>\n\t\t\t\t<div class=\"description\">\n\t\t\t\t\t<p>T\u00fcm verilere, raporlara ve i\u015f ak\u0131\u015flar\u0131na diledi\u011finiz yerden eri\u015fin. Mobil uyumlu yap\u0131s\u0131yla i\u015flerinizi ofisten ba\u011f\u0131ms\u0131z \u015fekilde y\u00f6netin.<\/p>\n\t\t\t\t<\/div>\n\t\t\t<\/div>\n\t\t<\/div>\n\t\t\n\t\t\n\t\t\t\t\t\t<\/div>\n\t\t\t\t<\/div>\n\t\t\t\t\t<\/div>\n\t\t<\/div>\n\t\t\t\t\t<\/div>\n\t\t<\/section>\n\t\t\t\t\t<\/div>\n\t\t<\/div>\n\t\t\t\t\t<\/div>\n\t\t<\/section>\n\t\t<div class=\"elementor-element elementor-element-f4a0e1a e-flex e-con-boxed e-con e-parent\" data-id=\"f4a0e1a\" data-element_type=\"container\" data-e-type=\"container\">\n\t\t\t\t\t<div class=\"e-con-inner\">\n\t\t<div class=\"elementor-element elementor-element-3f686ba e-con-full e-flex e-con e-child\" data-id=\"3f686ba\" data-element_type=\"container\" data-e-type=\"container\">\n\t\t\t\t<div class=\"elementor-element elementor-element-96d24d4 bounce-animate elementor-widget elementor-widget-image\" data-id=\"96d24d4\" data-element_type=\"widget\" data-e-type=\"widget\" data-widget_type=\"image.default\">\n\t\t\t\t\t\t\t\t\t\t\t\t\t\t\t<img loading=\"lazy\" decoding=\"async\" width=\"622\" height=\"638\" src=\"https:\/\/www.codemerge.com.tr\/wp-content\/uploads\/2025\/10\/whatsapp_kampanya.webp\" class=\"attachment-large size-large wp-image-3011\" alt=\"\" srcset=\"https:\/\/www.codemerge.com.tr\/wp-content\/uploads\/2025\/10\/whatsapp_kampanya.webp 622w, https:\/\/www.codemerge.com.tr\/wp-content\/uploads\/2025\/10\/whatsapp_kampanya-292x300.webp 292w\" sizes=\"(max-width: 622px) 100vw, 622px\" \/>\t\t\t\t\t\t\t\t\t\t\t\t\t\t\t<\/div>\n\t\t\t\t<\/div>\n\t\t<div class=\"elementor-element elementor-element-1d981da e-con-full e-flex e-con e-child\" data-id=\"1d981da\" data-element_type=\"container\" data-e-type=\"container\">\n\t\t\t\t<div class=\"elementor-element elementor-element-08c3bb5 elementor-widget elementor-widget-sectiontitle\" data-id=\"08c3bb5\" data-element_type=\"widget\" data-e-type=\"widget\" data-widget_type=\"sectiontitle.default\">\n\t\t\t\t<div class=\"elementor-widget-container\">\n\t\t\t\t\t\r\n\t\t\t\t<div class=\"\">\r\n\r\n\t\t\t<div class=\"section-title t_left\">\r\n                 \r\n                        <h5>Logo Flow <span><\/span><\/h5>\r\n                \r\n\t\t\t\t\t\t\t\t\r\n\t\t\t\t  \r\n                       <h3>WhatsApp kampanyalar\u0131yla m\u00fc\u015fteri etkile\u015fimini art\u0131r\u0131n<\/h3>\r\n                \t\t\t\t\r\n\t\t\t\t \t\t\t\t\r\n                 \r\n                        <p>M\u00fc\u015fteri etkinlik verilerini kullanarak toplu WhatsApp mesajlar\u0131n\u0131z\u0131 ki\u015fiselle\u015ftirmenizi sa\u011flar. Bu sayede her mesaj\u0131n\u0131z, binlerce ki\u015fiye ula\u015f\u0131rken bile kullan\u0131c\u0131ya \u00f6zel, anlaml\u0131 ve y\u00fcksek d\u00f6n\u00fc\u015f\u00fcm sa\u011flayan bir ileti\u015fim haline gelir.<\/p>\r\n                \t\t\t\t\r\n\r\n\t\t\t\t\r\n\t\t\t<\/div>\t\r\n\r\n\t\t<\/div>\r\n\r\n\t\t\r\n\t\t\t\t\t\t<\/div>\n\t\t\t\t<\/div>\n\t\t\t\t<div class=\"elementor-element elementor-element-251faac elementor-widget elementor-widget-heading\" data-id=\"251faac\" data-element_type=\"widget\" data-e-type=\"widget\" data-widget_type=\"heading.default\">\n\t\t\t\t\t<p class=\"elementor-heading-title elementor-size-default\"><p><\/p>\n\ud83d\udd39  <b>Etkin olmayan m\u00fc\u015fterilerle yeniden etkile\u015fime ge\u00e7in <\/b>\n<hr \/>\n\ud83d\udd39  <b>Logocrm \u00fczerinden, m\u00fc\u015fterileriniz ile yap\u0131lan t\u00fcm g\u00f6r\u00fc\u015fme kay\u0131tlar\u0131na ula\u015f\u0131n. <\/b>\n<hr \/>\n\ud83d\udd39  <b>Belirli kitle segmentlerine teklifler sunun <\/b>\n<hr \/>\n\ud83d\udd39  <b>Anketler yap\u0131n ve geri bildirim toplay\u0131n<\/b>\n<hr \/>\n\ud83d\udd39  <b>M\u00fc\u015fterilerinizi \u00fcr\u00fcnleriniz ve hizmetlerinizi duyurun<\/b><\/p>\t\t\t\t<\/div>\n\t\t\t\t<\/div>\n\t\t\t\t\t<\/div>\n\t\t\t\t<\/div>\n\t\t<div class=\"elementor-element elementor-element-438af8f e-flex e-con-boxed e-con e-parent\" data-id=\"438af8f\" data-element_type=\"container\" data-e-type=\"container\">\n\t\t\t\t\t<div class=\"e-con-inner\">\n\t\t\t\t<div class=\"elementor-element elementor-element-4485c9f elementor-widget elementor-widget-sectiontitle\" data-id=\"4485c9f\" data-element_type=\"widget\" data-e-type=\"widget\" data-widget_type=\"sectiontitle.default\">\n\t\t\t\t<div class=\"elementor-widget-container\">\n\t\t\t\t\t\r\n\t\t\t\t<div class=\"\">\r\n\r\n\t\t\t<div class=\"section-title t_center\">\r\n                 \r\n                        <h5>Ai Otomasyon <span><\/span><\/h5>\r\n                \r\n\t\t\t\t\t\t\t\t\r\n\t\t\t\t  \r\n                       <h3>Daha \u00c7al\u0131\u015fkan Bir Personel Yok!<\/h3>\r\n                \t\t\t\t\r\n\t\t\t\t \t\t\t\t\r\n                 \r\n                        <p>En iyi \u00e7al\u0131\u015fanlar\u0131 bile g\u00f6lgede b\u0131rakarak kusursuz, s\u00fcrekli hizmet sunar ve insan hatas\u0131ndan ka\u00e7\u0131n\u0131r. Rutin dijital g\u00f6revler daha kolay ve etkili hale gelir, zaman tasarrufu sa\u011flar ve personel maliyetlerini d\u00fc\u015f\u00fcrerek daha verimli bir i\u015f ak\u0131\u015f\u0131 sa\u011flar.<\/p>\r\n                \t\t\t\t\r\n\r\n\t\t\t\t\r\n\t\t\t<\/div>\t\r\n\r\n\t\t<\/div>\r\n\r\n\t\t\r\n\t\t\t\t\t\t<\/div>\n\t\t\t\t<\/div>\n\t\t\t\t\t<\/div>\n\t\t\t\t<\/div>\n\t\t<div class=\"elementor-element elementor-element-7c03c88 e-flex e-con-boxed e-con e-parent\" data-id=\"7c03c88\" data-element_type=\"container\" data-e-type=\"container\">\n\t\t\t\t\t<div class=\"e-con-inner\">\n\t\t<div class=\"elementor-element elementor-element-5e93463 e-con-full e-flex e-con e-child\" data-id=\"5e93463\" data-element_type=\"container\" data-e-type=\"container\">\n\t\t\t\t<div class=\"elementor-element elementor-element-fbba5f6 elementor-widget elementor-widget-sectiontitle\" data-id=\"fbba5f6\" data-element_type=\"widget\" data-e-type=\"widget\" data-widget_type=\"sectiontitle.default\">\n\t\t\t\t<div class=\"elementor-widget-container\">\n\t\t\t\t\t\r\n\t\t\t\t<div class=\"\">\r\n\r\n\t\t\t<div class=\"section-title t_left\">\r\n                 \r\n                        <h5>Otomasyon <span><\/span><\/h5>\r\n                \r\n\t\t\t\t\t\t\t\t\r\n\t\t\t\t  \r\n                       <h3>Ak\u0131\u015f\u0131n\u0131z\u0131 Otomasyonla Kusursuzla\u015ft\u0131r\u0131n<\/h3>\r\n                \t\t\t\t\r\n\t\t\t\t \t\t\t\t\r\n                 \r\n                        <p>\u00c7e\u015fitli faaliyetleri otomasyona devretmek, i\u015f ak\u0131\u015f\u0131n\u0131z\u0131n kalitesini art\u0131rmay\u0131 kolayla\u015ft\u0131r\u0131r. Dijital s\u00fcre\u00e7lerinizin i\u00e7eri\u011finden ba\u011f\u0131ms\u0131z olarak, bu sistem g\u00f6revleri h\u0131zl\u0131 ve etkili bir \u015fekilde ger\u00e7ekle\u015ftirir. Ayr\u0131ca, rutine sad\u0131k kalarak aksama ya\u015fanmamas\u0131n\u0131 sa\u011flar.<\/p>\r\n                \t\t\t\t\r\n\r\n\t\t\t\t\r\n\t\t\t<\/div>\t\r\n\r\n\t\t<\/div>\r\n\r\n\t\t\r\n\t\t\t\t\t\t<\/div>\n\t\t\t\t<\/div>\n\t\t\t\t<div class=\"elementor-element elementor-element-d0bcc0b elementor-widget elementor-widget-heading\" data-id=\"d0bcc0b\" data-element_type=\"widget\" data-e-type=\"widget\" data-widget_type=\"heading.default\">\n\t\t\t\t\t<p class=\"elementor-heading-title elementor-size-default\"><p><\/p>\n\ud83d\udd39  <b>Kolay ve Kesintisiz Dijital \u0130\u015f S\u00fcre\u00e7leri <\/b>\n<p>\u00c7e\u015fitli faaliyetleri otomasyona devretmek, i\u015f ak\u0131\u015f\u0131n\u0131z\u0131n kalitesini art\u0131rmay\u0131 kolayla\u015ft\u0131r\u0131r. Dijital s\u00fcre\u00e7lerinizin i\u00e7eri\u011finden ba\u011f\u0131ms\u0131z olarak, bu sistem g\u00f6revleri h\u0131zl\u0131 ve etkili bir \u015fekilde yerine getirir. Ayr\u0131ca, rutine sad\u0131k kalarak kesintisiz bir hizmet sunar.<\/p>\n<hr \/>\n\ud83d\udd39  <b>Hatas\u0131z ve G\u00fcvenili. <\/b>\n<p>Otomasyon, insan hatalar\u0131ndan ka\u00e7\u0131n\u0131r ve s\u00fcre\u00e7leri en iyi \u015fekilde ilerletmek i\u00e7in kusursuz, kesintisiz bir i\u015f ak\u0131\u015f\u0131 sa\u011flar. G\u00f6revleri belirli bir d\u00fczende hatas\u0131z bir \u015fekilde hat\u0131rlar ve s\u00fcrekli olarak yerine getirir.<\/p>\n<\/p>\t\t\t\t<\/div>\n\t\t\t\t<\/div>\n\t\t<div class=\"elementor-element elementor-element-700cb42 e-con-full e-flex e-con e-child\" data-id=\"700cb42\" data-element_type=\"container\" data-e-type=\"container\">\n\t\t\t\t<div class=\"elementor-element elementor-element-3fde3c3 bounce-animate elementor-widget elementor-widget-image\" data-id=\"3fde3c3\" data-element_type=\"widget\" data-e-type=\"widget\" data-widget_type=\"image.default\">\n\t\t\t\t\t\t\t\t\t\t\t\t\t\t\t<img loading=\"lazy\" decoding=\"async\" width=\"545\" height=\"490\" src=\"https:\/\/www.codemerge.com.tr\/wp-content\/uploads\/2025\/10\/Otomasyon.webp\" class=\"attachment-large size-large wp-image-3022\" alt=\"\" srcset=\"https:\/\/www.codemerge.com.tr\/wp-content\/uploads\/2025\/10\/Otomasyon.webp 545w, https:\/\/www.codemerge.com.tr\/wp-content\/uploads\/2025\/10\/Otomasyon-300x270.webp 300w\" sizes=\"(max-width: 545px) 100vw, 545px\" \/>\t\t\t\t\t\t\t\t\t\t\t\t\t\t\t<\/div>\n\t\t\t\t<\/div>\n\t\t\t\t\t<\/div>\n\t\t\t\t<\/div>\n\t\t\t\t<\/div>\n\t\t","protected":false},"excerpt":{"rendered":"<p>Whatsapp Entegrasyonu Crm&#8217;in G\u00fcc\u00fc, Whatsapp&#8217;in kolayl\u0131\u011f\u0131 Yapay zeka, gelen mesajlar\u0131 anlamland\u0131rarak sat\u0131\u015f f\u0131rsatlar\u0131n\u0131 \u00f6nceliklendiriyor Logo Crm firmalar ve ki\u015fi kartlar\u0131na entegre WhatsApp ise m\u00fc\u015fteri ileti\u015fimini tek merkezden, h\u0131zl\u0131 ve kesintisiz hale getiriyor. Bu sayede hem veriye dayal\u0131 kararlar, hem de ger\u00e7ek zamanl\u0131 m\u00fc\u015fteri etkile\u015fimi tek platformda birle\u015fiyor. Filtreleme &#038; raporlama Verilerinizi h\u0131zl\u0131ca analiz edin, detayl\u0131 [&hellip;]<\/p>\n","protected":false},"author":1,"featured_media":0,"parent":0,"menu_order":0,"comment_status":"closed","ping_status":"closed","template":"page-templates\/template-default.php","meta":{"_monsterinsights_skip_tracking":false,"_monsterinsights_sitenote_active":false,"_monsterinsights_sitenote_note":"","_monsterinsights_sitenote_category":0,"footnotes":""},"class_list":["post-2987","page","type-page","status-publish","hentry"],"_links":{"self":[{"href":"https:\/\/www.codemerge.com.tr\/index.php\/wp-json\/wp\/v2\/pages\/2987","targetHints":{"allow":["GET"]}}],"collection":[{"href":"https:\/\/www.codemerge.com.tr\/index.php\/wp-json\/wp\/v2\/pages"}],"about":[{"href":"https:\/\/www.codemerge.com.tr\/index.php\/wp-json\/wp\/v2\/types\/page"}],"author":[{"embeddable":true,"href":"https:\/\/www.codemerge.com.tr\/index.php\/wp-json\/wp\/v2\/users\/1"}],"replies":[{"embeddable":true,"href":"https:\/\/www.codemerge.com.tr\/index.php\/wp-json\/wp\/v2\/comments?post=2987"}],"version-history":[{"count":36,"href":"https:\/\/www.codemerge.com.tr\/index.php\/wp-json\/wp\/v2\/pages\/2987\/revisions"}],"predecessor-version":[{"id":3087,"href":"https:\/\/www.codemerge.com.tr\/index.php\/wp-json\/wp\/v2\/pages\/2987\/revisions\/3087"}],"wp:attachment":[{"href":"https:\/\/www.codemerge.com.tr\/index.php\/wp-json\/wp\/v2\/media?parent=2987"}],"curies":[{"name":"wp","href":"https:\/\/api.w.org\/{rel}","templated":true}]}}