{"id":2542,"date":"2022-09-07T06:12:05","date_gmt":"2022-09-07T06:12:05","guid":{"rendered":"https:\/\/www.codemerge.com.tr\/?page_id=2542"},"modified":"2026-01-11T11:47:15","modified_gmt":"2026-01-11T11:47:15","slug":"partner","status":"publish","type":"page","link":"https:\/\/www.codemerge.com.tr\/index.php\/partner\/","title":{"rendered":"\u0130\u015f Ortaklar\u0131m\u0131z"},"content":{"rendered":"\t\t<div data-elementor-type=\"wp-page\" data-elementor-id=\"2542\" class=\"elementor elementor-2542\">\n\t\t\t\t\t\t<section class=\"elementor-section elementor-top-section elementor-element elementor-element-f6d6ad2 elementor-section-full_width elementor-section-height-default elementor-section-height-default\" data-id=\"f6d6ad2\" data-element_type=\"section\" data-e-type=\"section\">\n\t\t\t\t\t\t<div class=\"elementor-container elementor-column-gap-no\">\n\t\t\t\t\t<div class=\"elementor-column elementor-col-100 elementor-top-column elementor-element elementor-element-d5cfe23\" data-id=\"d5cfe23\" data-element_type=\"column\" data-e-type=\"column\">\n\t\t\t<div class=\"elementor-widget-wrap\">\n\t\t\t\t\t\t\t<\/div>\n\t\t<\/div>\n\t\t\t\t\t<\/div>\n\t\t<\/section>\n\t\t<div class=\"elementor-element elementor-element-37fa3b5 e-flex e-con-boxed e-con e-parent\" data-id=\"37fa3b5\" data-element_type=\"container\" data-e-type=\"container\">\n\t\t\t\t\t<div class=\"e-con-inner\">\n\t\t<div class=\"elementor-element elementor-element-3e9128d e-con-full e-flex e-con e-child\" data-id=\"3e9128d\" data-element_type=\"container\" data-e-type=\"container\">\n\t\t\t\t<div class=\"elementor-element elementor-element-48bb019 elementor-widget elementor-widget-sectiontitle\" data-id=\"48bb019\" data-element_type=\"widget\" data-e-type=\"widget\" data-widget_type=\"sectiontitle.default\">\n\t\t\t\t<div class=\"elementor-widget-container\">\n\t\t\t\t\t\r\n\t\t\t\t<div class=\"\">\r\n\r\n\t\t\t<div class=\"section-title t_left\">\r\n                 \r\n                        <h5>\u0130\u015f Ortaklar\u0131m\u0131z <span><\/span><\/h5>\r\n                \r\n\t\t\t\t\t\t\t\t\r\n\t\t\t\t  \r\n                       <h3>Mexon Proje ve Dan\u0131\u015fmanl\u0131k<\/h3>\r\n                \t\t\t\t\r\n\t\t\t\t \t\t\t\t\r\n                 \r\n                        <p> 2003 y\u0131l\u0131ndan bu yana LOGO ekosisteminde sadece CRM yaz\u0131l\u0131mlar\u0131 konusunda sat\u0131\u015f, proje implementasyon ve yaz\u0131l\u0131m geli\u015ftirme s\u00fcre\u00e7lerinde faaliyet g\u00f6steren Mexon,  LOGO ekosisteminde yer alan i\u015f ortaklar\u0131na ve m\u00fc\u015fterilerine yaln\u0131zca Logo CRM \u00f6zelinde sat\u0131\u015f ve proje implementasyonu konusunda en kaliteli hizmeti vermekte ve h\u0131zla b\u00fcy\u00fcmektedir.  \n<p><\/p>\n\u00dcstlendi\u011fi Logo CRM projelerini, m\u00fc\u015fterinin ihtiyac\u0131 olan ger\u00e7ek \/ uygulanabilir ve yararl\u0131 projeler haline d\u00f6n\u00fc\u015ft\u00fcrmeyi ama\u00e7layan MEXON, sekt\u00f6rdeki 15 y\u0131ll\u0131k deneyimini bu hedef do\u011frultusunda m\u00fc\u015fterilerine sunmaktad\u0131r.<\/p>\r\n                \t\t\t\t\r\n\r\n\t\t\t\t\r\n\t\t\t<\/div>\t\r\n\r\n\t\t<\/div>\r\n\r\n\t\t\r\n\t\t\t\t\t\t<\/div>\n\t\t\t\t<\/div>\n\t\t\t\t<div class=\"elementor-element elementor-element-6416894 elementor-widget elementor-widget-dit-button\" data-id=\"6416894\" data-element_type=\"widget\" data-e-type=\"widget\" data-widget_type=\"dit-button.default\">\n\t\t\t\t<div class=\"elementor-widget-container\">\n\t\t\t\t\t\r\n\t\t\r\n\t\t\t\t<div class=\"dreamit-button-box\">\r\n\t\t\t\t\t\t\t\t\t\t<div class=\"dreamit-button\">\r\n\t\t\t\t\t\t<a href=\"#\">\r\n\t\t\t\t\t\t\tDetayl\u0131 Bilgi\t\t\t\t\t\t\t<i class=\"fas fa-link\"><\/i>\r\n\t\t\t\t\t\t<\/a>\r\n\t\t\t\t\t<\/div>\r\n\t\t\t\t\t\t\t\t\t<\/div>\r\n\r\n\t\t\r\n\t\t\t\t\t<\/div>\n\t\t\t\t<\/div>\n\t\t\t\t<\/div>\n\t\t\t\t\t<\/div>\n\t\t\t\t<\/div>\n\t\t<div class=\"elementor-element elementor-element-a4982fd e-flex e-con-boxed e-con e-parent\" data-id=\"a4982fd\" data-element_type=\"container\" data-e-type=\"container\">\n\t\t\t\t\t<div class=\"e-con-inner\">\n\t\t\t\t<div class=\"elementor-element elementor-element-140c0c9 elementor-widget-divider--view-line elementor-widget elementor-widget-divider\" data-id=\"140c0c9\" data-element_type=\"widget\" data-e-type=\"widget\" data-widget_type=\"divider.default\">\n\t\t\t\t\t\t\t<div class=\"elementor-divider\">\n\t\t\t<span class=\"elementor-divider-separator\">\n\t\t\t\t\t\t<\/span>\n\t\t<\/div>\n\t\t\t\t\t\t<\/div>\n\t\t\t\t\t<\/div>\n\t\t\t\t<\/div>\n\t\t<div class=\"elementor-element elementor-element-76f2a4a e-flex e-con-boxed e-con e-parent\" data-id=\"76f2a4a\" data-element_type=\"container\" data-e-type=\"container\">\n\t\t\t\t\t<div class=\"e-con-inner\">\n\t\t<div class=\"elementor-element elementor-element-67ad5b4 e-con-full e-flex e-con e-child\" data-id=\"67ad5b4\" data-element_type=\"container\" data-e-type=\"container\">\n\t\t\t\t<div class=\"elementor-element elementor-element-9e27ce3 elementor-widget elementor-widget-sectiontitle\" data-id=\"9e27ce3\" data-element_type=\"widget\" data-e-type=\"widget\" data-widget_type=\"sectiontitle.default\">\n\t\t\t\t<div class=\"elementor-widget-container\">\n\t\t\t\t\t\r\n\t\t\t\t<div class=\"\">\r\n\r\n\t\t\t<div class=\"section-title t_left\">\r\n                 \r\n                        <h5>\u0130\u015f Ortaklar\u0131m\u0131z <span><\/span><\/h5>\r\n                \r\n\t\t\t\t\t\t\t\t\r\n\t\t\t\t  \r\n                       <h3>S\u00f6zer Bilgi \u0130\u015flem Sistemleri<\/h3>\r\n                \t\t\t\t\r\n\t\t\t\t \t\t\t\t\r\n                 \r\n                        <p>1993 y\u0131l\u0131ndan bu yana sekt\u00f6rde hizmet veren S\u00f6zer Bilgi \u0130\u015flem, yetkin ve sertifikal\u0131 kadrosu ile Logo yaz\u0131l\u0131mlar\u0131 \u00fczerinde, Dan\u0131\u015fmanl\u0131k, E\u011fitim, Destek, Proje ve yaz\u0131l\u0131m geli\u015ftirme yapan, Logo \u00c7\u00f6z\u00fcm Orta\u011f\u0131 olarak faaliyet g\u00f6stermektedir.\n<p><\/p>\nERP \u00e7\u00f6z\u00fcmleri, CRM \u00e7\u00f6z\u00fcmleri, B\u00fct\u00e7eleme, Depo otomasyonlar\u0131, el terminalleri, S\u00fcre\u00e7 y\u00f6netimi ve i\u015f ak\u0131\u015flar\u0131, Ma\u011fazac\u0131l\u0131k yaz\u0131l\u0131mlar\u0131, Market \u00c7\u00f6z\u00fcmleri, Dok\u00fcman y\u00f6netimi, G\u00fcvenlik yaz\u0131l\u0131mlar\u0131 ve yedekleme yaz\u0131l\u0131mlar\u0131 konusunda farkl\u0131 sekt\u00f6rlerde y\u00fczlerce proje ger\u00e7ekle\u015ftiren tecr\u00fcbeli bir kadroya sahiptir.\n<p><\/p>\nM\u00fc\u015fterinin isteklerinin \u00f6tesinde, Teknoloji ve altyap\u0131 dan\u0131\u015fmanl\u0131\u011f\u0131 da sa\u011flayarak, anahtar teslim projeler yapmaktad\u0131r. Standart yaz\u0131l\u0131mlar\u0131n yetersiz kald\u0131\u011f\u0131 durumlarda ek \u00f6zel yaz\u0131l\u0131mlar yaparak M\u00fc\u015fterillerinin beklentilerine cevap vermektedir. Raporlama konular\u0131nda her ortam ve her veri taban\u0131 i\u00e7in Raporlamalar yapmakta, mobil uygulamalar konusunda m\u00fc\u015fteriye \u00f6zel uygulamalar geli\u015ftirmekedir.\n<p><\/p>\nSistem ve yaz\u0131l\u0131m geli\u015ftirme dan\u0131\u015fmanl\u0131\u011f\u0131, destek konular\u0131nda, anla\u015fmal\u0131 m\u00fc\u015fterilerimize an\u0131nda ve kaliteli hizmet sunmay\u0131 hedef edinmi\u015ftir.<\/p>\r\n                \t\t\t\t\r\n\r\n\t\t\t\t\r\n\t\t\t<\/div>\t\r\n\r\n\t\t<\/div>\r\n\r\n\t\t\r\n\t\t\t\t\t\t<\/div>\n\t\t\t\t<\/div>\n\t\t\t\t<div class=\"elementor-element elementor-element-1216260 elementor-widget elementor-widget-dit-button\" data-id=\"1216260\" data-element_type=\"widget\" data-e-type=\"widget\" data-widget_type=\"dit-button.default\">\n\t\t\t\t<div class=\"elementor-widget-container\">\n\t\t\t\t\t\r\n\t\t\r\n\t\t\t\t<div class=\"dreamit-button-box\">\r\n\t\t\t\t\t\t\t\t\t\t<div class=\"dreamit-button\">\r\n\t\t\t\t\t\t<a href=\"#\">\r\n\t\t\t\t\t\t\tDetayl\u0131 Bilgi\t\t\t\t\t\t\t<i class=\"fas fa-link\"><\/i>\r\n\t\t\t\t\t\t<\/a>\r\n\t\t\t\t\t<\/div>\r\n\t\t\t\t\t\t\t\t\t<\/div>\r\n\r\n\t\t\r\n\t\t\t\t\t<\/div>\n\t\t\t\t<\/div>\n\t\t\t\t<\/div>\n\t\t\t\t\t<\/div>\n\t\t\t\t<\/div>\n\t\t<div class=\"elementor-element elementor-element-45abbf0 e-flex e-con-boxed e-con e-parent\" data-id=\"45abbf0\" data-element_type=\"container\" data-e-type=\"container\">\n\t\t\t\t\t<div class=\"e-con-inner\">\n\t\t\t\t<div class=\"elementor-element elementor-element-088dd8a elementor-widget-divider--view-line elementor-widget elementor-widget-divider\" data-id=\"088dd8a\" data-element_type=\"widget\" data-e-type=\"widget\" data-widget_type=\"divider.default\">\n\t\t\t\t\t\t\t<div class=\"elementor-divider\">\n\t\t\t<span class=\"elementor-divider-separator\">\n\t\t\t\t\t\t<\/span>\n\t\t<\/div>\n\t\t\t\t\t\t<\/div>\n\t\t\t\t\t<\/div>\n\t\t\t\t<\/div>\n\t\t<div class=\"elementor-element elementor-element-48e6b3d e-flex e-con-boxed e-con e-parent\" data-id=\"48e6b3d\" data-element_type=\"container\" data-e-type=\"container\">\n\t\t\t\t\t<div class=\"e-con-inner\">\n\t\t<div class=\"elementor-element elementor-element-68e51d9 e-con-full e-flex e-con e-child\" data-id=\"68e51d9\" data-element_type=\"container\" data-e-type=\"container\">\n\t\t\t\t<div class=\"elementor-element elementor-element-565178e elementor-widget elementor-widget-sectiontitle\" data-id=\"565178e\" data-element_type=\"widget\" data-e-type=\"widget\" data-widget_type=\"sectiontitle.default\">\n\t\t\t\t<div class=\"elementor-widget-container\">\n\t\t\t\t\t\r\n\t\t\t\t<div class=\"\">\r\n\r\n\t\t\t<div class=\"section-title t_left\">\r\n                 \r\n                        <h5>\u0130\u015f Ortaklar\u0131m\u0131z <span><\/span><\/h5>\r\n                \r\n\t\t\t\t\t\t\t\t\r\n\t\t\t\t  \r\n                       <h3>Tek Bilgisayar<\/h3>\r\n                \t\t\t\t\r\n\t\t\t\t \t\t\t\t\r\n                 \r\n                        <p>Tek Bilgisayar, bili\u015fim sekt\u00f6r\u00fcnde; dan\u0131\u015fmanl\u0131k , tasar\u0131m, sat\u0131\u015f, kurulu\u015f, network, teknik destek ve bak\u0131m hizmetleri veren m\u00fc\u015fterilerine toplu \u00e7\u00f6z\u00fcmler sunan ve katma de\u011fer sa\u011flayan bir teknoloji firmas\u0131d\u0131r. 20 y\u0131ll\u0131k sekt\u00f6r deneyimi bilgi ve tectubesiyle m\u00fc\u015fterilerine daima kal\u0131c\u0131 \u00e7\u00f6z\u00fcmler sunmaktad\u0131r.\n<p><\/p>\nKonusunda uzman, geli\u015fen teknolojiye ald\u0131\u011f\u0131 e\u011fitim ve seminerlerle kendini s\u00fcrekli g\u00fcncel tutan teknik servis ekibimizle \u015firketinize kal\u0131c\u0131 \u00e7\u00f6z\u00fcmler getirmekteyiz.\n\nA\u011f\u0131rl\u0131kl\u0131 olarak denizcilik ve e\u011fitim sekt\u00f6rleri olmak \u00fczere enerji, sigorta, sa\u011fl\u0131k, ila\u00e7 , turizm, ta\u015f\u0131ma, \u00fcretim ve perakende sekt\u00f6rlerine 7 g\u00fcn 24 saat hizmet vermekteyiz.\n<p><\/p>\nSekt\u00f6rde bir tabu haline gelen \u201cgarantisi bitmi\u015f notebook ar\u0131zalan\u0131rsa \u00e7\u00f6pe at\u0131l\u0131r\u201d s\u00f6z\u00fcn\u00fc k\u0131rmak i\u00e7in t\u00fcm marka ve model notebooklar\u0131n yedek par\u00e7alar\u0131n\u0131 stoklar\u0131m\u0131zda tutmaktay\u0131z.<\/p>\r\n                \t\t\t\t\r\n\r\n\t\t\t\t\r\n\t\t\t<\/div>\t\r\n\r\n\t\t<\/div>\r\n\r\n\t\t\r\n\t\t\t\t\t\t<\/div>\n\t\t\t\t<\/div>\n\t\t\t\t<div class=\"elementor-element elementor-element-f484db9 elementor-widget elementor-widget-dit-button\" data-id=\"f484db9\" data-element_type=\"widget\" data-e-type=\"widget\" data-widget_type=\"dit-button.default\">\n\t\t\t\t<div class=\"elementor-widget-container\">\n\t\t\t\t\t\r\n\t\t\r\n\t\t\t\t<div class=\"dreamit-button-box\">\r\n\t\t\t\t\t\t\t\t\t\t<div class=\"dreamit-button\">\r\n\t\t\t\t\t\t<a href=\"#\">\r\n\t\t\t\t\t\t\tDetayl\u0131 Bilgi\t\t\t\t\t\t\t<i class=\"fas fa-link\"><\/i>\r\n\t\t\t\t\t\t<\/a>\r\n\t\t\t\t\t<\/div>\r\n\t\t\t\t\t\t\t\t\t<\/div>\r\n\r\n\t\t\r\n\t\t\t\t\t<\/div>\n\t\t\t\t<\/div>\n\t\t\t\t<\/div>\n\t\t\t\t\t<\/div>\n\t\t\t\t<\/div>\n\t\t\t\t<\/div>\n\t\t","protected":false},"excerpt":{"rendered":"<p>\u0130\u015f Ortaklar\u0131m\u0131z Mexon Proje ve Dan\u0131\u015fmanl\u0131k 2003 y\u0131l\u0131ndan bu yana LOGO ekosisteminde sadece CRM yaz\u0131l\u0131mlar\u0131 konusunda sat\u0131\u015f, proje implementasyon ve yaz\u0131l\u0131m geli\u015ftirme s\u00fcre\u00e7lerinde faaliyet g\u00f6steren Mexon, LOGO ekosisteminde yer alan i\u015f ortaklar\u0131na ve m\u00fc\u015fterilerine yaln\u0131zca Logo CRM \u00f6zelinde sat\u0131\u015f ve proje implementasyonu konusunda en kaliteli hizmeti vermekte ve h\u0131zla b\u00fcy\u00fcmektedir. \u00dcstlendi\u011fi Logo CRM projelerini, m\u00fc\u015fterinin [&hellip;]<\/p>\n","protected":false},"author":1,"featured_media":0,"parent":0,"menu_order":0,"comment_status":"closed","ping_status":"closed","template":"page-templates\/template-default.php","meta":{"_monsterinsights_skip_tracking":false,"_monsterinsights_sitenote_active":false,"_monsterinsights_sitenote_note":"","_monsterinsights_sitenote_category":0,"footnotes":""},"class_list":["post-2542","page","type-page","status-publish","hentry"],"_links":{"self":[{"href":"https:\/\/www.codemerge.com.tr\/index.php\/wp-json\/wp\/v2\/pages\/2542","targetHints":{"allow":["GET"]}}],"collection":[{"href":"https:\/\/www.codemerge.com.tr\/index.php\/wp-json\/wp\/v2\/pages"}],"about":[{"href":"https:\/\/www.codemerge.com.tr\/index.php\/wp-json\/wp\/v2\/types\/page"}],"author":[{"embeddable":true,"href":"https:\/\/www.codemerge.com.tr\/index.php\/wp-json\/wp\/v2\/users\/1"}],"replies":[{"embeddable":true,"href":"https:\/\/www.codemerge.com.tr\/index.php\/wp-json\/wp\/v2\/comments?post=2542"}],"version-history":[{"count":28,"href":"https:\/\/www.codemerge.com.tr\/index.php\/wp-json\/wp\/v2\/pages\/2542\/revisions"}],"predecessor-version":[{"id":3142,"href":"https:\/\/www.codemerge.com.tr\/index.php\/wp-json\/wp\/v2\/pages\/2542\/revisions\/3142"}],"wp:attachment":[{"href":"https:\/\/www.codemerge.com.tr\/index.php\/wp-json\/wp\/v2\/media?parent=2542"}],"curies":[{"name":"wp","href":"https:\/\/api.w.org\/{rel}","templated":true}]}}